{"id":219,"date":"2020-05-12T03:43:04","date_gmt":"2020-05-12T03:43:04","guid":{"rendered":"http:\/\/myrtilfavre.com\/index.php\/services\/"},"modified":"2025-11-24T14:01:54","modified_gmt":"2025-11-24T14:01:54","slug":"creations","status":"publish","type":"page","link":"https:\/\/myrtilfavre.com\/index.php\/creations\/","title":{"rendered":"Cr\u00e9ations"},"content":{"rendered":"\n<div class=\"wp-block-cover alignfull has-parallax is-light\" style=\"min-height:380px;aspect-ratio:unset;\"><div class=\"wp-block-cover__image-background wp-image-561 has-parallax\" style=\"background-position:50% 50%;background-image:url(http:\/\/myrtilfavre.com\/wp-content\/uploads\/2021\/09\/IMG_2947-scaled.jpg)\"><\/div><span aria-hidden=\"true\" class=\"wp-block-cover__background has-ast-global-color-1-background-color has-background-dim-0 has-background-dim\"><\/span><div class=\"wp-block-cover__inner-container is-layout-flow wp-block-cover-is-layout-flow\">\n<h1 class=\"wp-block-heading has-text-align-center has-white-color has-text-color has-extra-large-font-size\">Cr\u00e9ations<\/h1>\n<\/div><\/div>\n\n\n\n<div class=\"wp-block-group alignfull has-white-background-color has-background\"><div class=\"wp-block-group__inner-container is-layout-flow wp-block-group-is-layout-flow\">\n<div class=\"wp-block-media-text alignwide has-media-on-the-right is-stacked-on-mobile\" id=\"processus-cr\u00e9atif\"><div class=\"wp-block-media-text__content\">\n<h2 class=\"wp-block-heading\" id=\"processuscreatif\">Processus cr\u00e9atif<\/h2>\n\n\n\n<p>Les formes et les couleurs me permettent de raconter des territoires le plus souvent inaccessibles avec les mots. Il est parfois difficile de dire ce qui nous habite vraiment, sans le travestir avec le langage.<\/p>\n\n\n\n<p>C&#8217;est en explorant, en exp\u00e9rimentant, en transformant la mati\u00e8re en image que s&#8217;est, petit \u00e0 petit, dessin\u00e9 le fil rouge.&nbsp;<\/p>\n\n\n\n<p>Ce fil qui relie toutes les formes d\u2019expression, reliant au vivant.&nbsp;Ce fil rouge qui r\u00e9unit les contraires (compl\u00e9mentaires), l&#8217;\u00e9parse et le coh\u00e9rent, l&#8217;anecdotique et le profond, le grave et le lumineux, l\u2019intime et l\u2019universel.&nbsp;<\/p>\n\n\n\n<p>Ce lien qui unit celui qui cr\u00e9e, \u00e0 celui qui regarde l\u2019\u0153uvre.&nbsp;<\/p>\n\n\n\n<div class=\"wp-block-buttons is-layout-flex wp-block-buttons-is-layout-flex\">\n<div class=\"wp-block-button is-style-outline is-style-outline--1\"><a class=\"wp-block-button__link wp-element-button\" rel=\"#\">Contact<\/a><\/div>\n<\/div>\n<\/div><figure class=\"wp-block-media-text__media\"><img loading=\"lazy\" decoding=\"async\" width=\"642\" height=\"616\" src=\"http:\/\/myrtilfavre.com\/wp-content\/uploads\/2021\/09\/241723331_381758330114291_3261438857990916466_n.jpg\" alt=\"\" class=\"wp-image-650 size-full\" srcset=\"https:\/\/myrtilfavre.com\/wp-content\/uploads\/2021\/09\/241723331_381758330114291_3261438857990916466_n.jpg 642w, https:\/\/myrtilfavre.com\/wp-content\/uploads\/2021\/09\/241723331_381758330114291_3261438857990916466_n-300x288.jpg 300w\" sizes=\"auto, (max-width: 642px) 100vw, 642px\" \/><\/figure><\/div>\n<\/div><\/div>\n\n\n\n<div class=\"wp-block-group alignfull has-white-background-color has-background\"><div class=\"wp-block-group__inner-container is-layout-flow wp-block-group-is-layout-flow\">\n<div class=\"wp-block-media-text alignwide has-media-on-the-right is-stacked-on-mobile\"><div class=\"wp-block-media-text__content\">\n<h2 class=\"wp-block-heading\">R\u00e9paration sensible<\/h2>\n\n\n\n<p>Les \u0153uvres de cette s\u00e9rie raconte la transformation. Elles nous parlent de choses qui cassent, se s\u00e9parent, s&#8217;ab\u00eement&#8230;et surtout de comment on peut faire \u00e9voluer la mati\u00e8re apr\u00e8s un &#8220;accident&#8221;, un impr\u00e9vu. C&#8217;est par la blessure et sa r\u00e9paration que s&#8217;infiltre l&#8217;\u00e9motion. Une br\u00e8che pour le sensible.<\/p>\n\n\n\n<div class=\"wp-block-buttons is-layout-flex wp-block-buttons-is-layout-flex\">\n<div class=\"wp-block-button is-style-outline is-style-outline--2\"><a class=\"wp-block-button__link wp-element-button\" href=\"http:\/\/myrtilfavre.com\/index.php\/reparation-sensible\/\" target=\"_blank\" rel=\"# noopener\">En voir plus&#8230;<\/a><\/div>\n<\/div>\n<\/div><figure class=\"wp-block-media-text__media\"><img loading=\"lazy\" decoding=\"async\" width=\"1024\" height=\"768\" src=\"http:\/\/myrtilfavre.com\/wp-content\/uploads\/2021\/09\/IMG_3221-1024x768.jpg\" alt=\"\" class=\"wp-image-571 size-full\" srcset=\"https:\/\/myrtilfavre.com\/wp-content\/uploads\/2021\/09\/IMG_3221-1024x768.jpg 1024w, https:\/\/myrtilfavre.com\/wp-content\/uploads\/2021\/09\/IMG_3221-300x225.jpg 300w, https:\/\/myrtilfavre.com\/wp-content\/uploads\/2021\/09\/IMG_3221-768x576.jpg 768w, https:\/\/myrtilfavre.com\/wp-content\/uploads\/2021\/09\/IMG_3221-1536x1152.jpg 1536w, https:\/\/myrtilfavre.com\/wp-content\/uploads\/2021\/09\/IMG_3221-2048x1536.jpg 2048w, https:\/\/myrtilfavre.com\/wp-content\/uploads\/2021\/09\/IMG_3221-1568x1176.jpg 1568w\" sizes=\"auto, (max-width: 1024px) 100vw, 1024px\" \/><\/figure><\/div>\n\n\n\n<div class=\"wp-block-media-text is-stacked-on-mobile\"><figure class=\"wp-block-media-text__media\"><a href=\"https:\/\/myrtilfavre.com\/index.php\/petit-sommeil-auto-edition\/\"><img loading=\"lazy\" decoding=\"async\" width=\"1024\" height=\"1022\" src=\"http:\/\/myrtilfavre.com\/wp-content\/uploads\/2021\/09\/IMG_20210801_185810-1024x1022.jpg\" alt=\"\" class=\"wp-image-639 size-full\" srcset=\"https:\/\/myrtilfavre.com\/wp-content\/uploads\/2021\/09\/IMG_20210801_185810-1024x1022.jpg 1024w, https:\/\/myrtilfavre.com\/wp-content\/uploads\/2021\/09\/IMG_20210801_185810-300x300.jpg 300w, https:\/\/myrtilfavre.com\/wp-content\/uploads\/2021\/09\/IMG_20210801_185810-150x150.jpg 150w, https:\/\/myrtilfavre.com\/wp-content\/uploads\/2021\/09\/IMG_20210801_185810-768x767.jpg 768w, https:\/\/myrtilfavre.com\/wp-content\/uploads\/2021\/09\/IMG_20210801_185810.jpg 1200w\" sizes=\"auto, (max-width: 1024px) 100vw, 1024px\" \/><\/a><\/figure><div class=\"wp-block-media-text__content\">\n<p><\/p>\n<\/div><\/div>\n<\/div><\/div>\n\n\n\n<div class=\"wp-block-group alignfull has-white-background-color has-background\"><div class=\"wp-block-group__inner-container is-layout-flow wp-block-group-is-layout-flow\">\n<figure class=\"wp-block-gallery has-nested-images columns-default is-cropped wp-block-gallery-3 is-layout-flex wp-block-gallery-is-layout-flex\">\n<figure class=\"wp-block-image size-large\"><img loading=\"lazy\" decoding=\"async\" width=\"1024\" height=\"515\" data-id=\"565\" src=\"https:\/\/myrtilfavre.com\/wp-content\/uploads\/2021\/09\/IMG_3129-1024x515.jpg\" alt=\"\" class=\"wp-image-565\" srcset=\"https:\/\/myrtilfavre.com\/wp-content\/uploads\/2021\/09\/IMG_3129-1024x515.jpg 1024w, https:\/\/myrtilfavre.com\/wp-content\/uploads\/2021\/09\/IMG_3129-300x151.jpg 300w, https:\/\/myrtilfavre.com\/wp-content\/uploads\/2021\/09\/IMG_3129-768x386.jpg 768w, https:\/\/myrtilfavre.com\/wp-content\/uploads\/2021\/09\/IMG_3129-1536x772.jpg 1536w, https:\/\/myrtilfavre.com\/wp-content\/uploads\/2021\/09\/IMG_3129-2048x1029.jpg 2048w, https:\/\/myrtilfavre.com\/wp-content\/uploads\/2021\/09\/IMG_3129-1568x788.jpg 1568w\" sizes=\"auto, (max-width: 1024px) 100vw, 1024px\" \/><figcaption class=\"wp-element-caption\">Bavardages <\/figcaption><\/figure>\n<\/figure>\n\n\n\n<figure class=\"wp-block-gallery has-nested-images columns-default is-cropped wp-block-gallery-4 is-layout-flex wp-block-gallery-is-layout-flex\">\n<figure class=\"wp-block-image size-large\"><img loading=\"lazy\" decoding=\"async\" width=\"780\" height=\"585\" data-id=\"612\" src=\"https:\/\/myrtilfavre.com\/wp-content\/uploads\/2021\/09\/241732192_241726447740434_2259826225197054194_n.jpg\" alt=\"\" class=\"wp-image-612\" srcset=\"https:\/\/myrtilfavre.com\/wp-content\/uploads\/2021\/09\/241732192_241726447740434_2259826225197054194_n.jpg 780w, https:\/\/myrtilfavre.com\/wp-content\/uploads\/2021\/09\/241732192_241726447740434_2259826225197054194_n-300x225.jpg 300w, https:\/\/myrtilfavre.com\/wp-content\/uploads\/2021\/09\/241732192_241726447740434_2259826225197054194_n-768x576.jpg 768w\" sizes=\"auto, (max-width: 780px) 100vw, 780px\" \/><figcaption class=\"wp-element-caption\">La vie est un mircle, 2015<\/figcaption><\/figure>\n\n\n\n<figure class=\"wp-block-image size-large\"><img loading=\"lazy\" decoding=\"async\" width=\"768\" height=\"1024\" data-id=\"573\" src=\"https:\/\/myrtilfavre.com\/wp-content\/uploads\/2021\/09\/IMG_3342-768x1024.jpg\" alt=\"\" class=\"wp-image-573\" srcset=\"https:\/\/myrtilfavre.com\/wp-content\/uploads\/2021\/09\/IMG_3342-768x1024.jpg 768w, https:\/\/myrtilfavre.com\/wp-content\/uploads\/2021\/09\/IMG_3342-225x300.jpg 225w, https:\/\/myrtilfavre.com\/wp-content\/uploads\/2021\/09\/IMG_3342-1152x1536.jpg 1152w, https:\/\/myrtilfavre.com\/wp-content\/uploads\/2021\/09\/IMG_3342-1536x2048.jpg 1536w, https:\/\/myrtilfavre.com\/wp-content\/uploads\/2021\/09\/IMG_3342-1568x2091.jpg 1568w, https:\/\/myrtilfavre.com\/wp-content\/uploads\/2021\/09\/IMG_3342-scaled.jpg 1920w\" sizes=\"auto, (max-width: 768px) 100vw, 768px\" \/><figcaption class=\"wp-element-caption\">Le deuil de ta chair, 2019<\/figcaption><\/figure>\n\n\n\n<figure class=\"wp-block-image size-large\"><img loading=\"lazy\" decoding=\"async\" width=\"1024\" height=\"1011\" data-id=\"566\" src=\"https:\/\/myrtilfavre.com\/wp-content\/uploads\/2021\/09\/IMG_3125-1024x1011.jpg\" alt=\"\" class=\"wp-image-566\" srcset=\"https:\/\/myrtilfavre.com\/wp-content\/uploads\/2021\/09\/IMG_3125-1024x1011.jpg 1024w, https:\/\/myrtilfavre.com\/wp-content\/uploads\/2021\/09\/IMG_3125-300x296.jpg 300w, https:\/\/myrtilfavre.com\/wp-content\/uploads\/2021\/09\/IMG_3125-768x758.jpg 768w, https:\/\/myrtilfavre.com\/wp-content\/uploads\/2021\/09\/IMG_3125-1536x1516.jpg 1536w, https:\/\/myrtilfavre.com\/wp-content\/uploads\/2021\/09\/IMG_3125-2048x2022.jpg 2048w, https:\/\/myrtilfavre.com\/wp-content\/uploads\/2021\/09\/IMG_3125-1568x1548.jpg 1568w\" sizes=\"auto, (max-width: 1024px) 100vw, 1024px\" \/><figcaption class=\"wp-element-caption\">Chaleur, 2018<\/figcaption><\/figure>\n\n\n\n<figure class=\"wp-block-image size-large\"><img loading=\"lazy\" decoding=\"async\" width=\"999\" height=\"1024\" data-id=\"572\" src=\"https:\/\/myrtilfavre.com\/wp-content\/uploads\/2021\/09\/IMG_3277-999x1024.jpg\" alt=\"\" class=\"wp-image-572\" srcset=\"https:\/\/myrtilfavre.com\/wp-content\/uploads\/2021\/09\/IMG_3277-999x1024.jpg 999w, https:\/\/myrtilfavre.com\/wp-content\/uploads\/2021\/09\/IMG_3277-293x300.jpg 293w, https:\/\/myrtilfavre.com\/wp-content\/uploads\/2021\/09\/IMG_3277-768x787.jpg 768w, https:\/\/myrtilfavre.com\/wp-content\/uploads\/2021\/09\/IMG_3277-1499x1536.jpg 1499w, https:\/\/myrtilfavre.com\/wp-content\/uploads\/2021\/09\/IMG_3277-1998x2048.jpg 1998w, https:\/\/myrtilfavre.com\/wp-content\/uploads\/2021\/09\/IMG_3277-1568x1607.jpg 1568w\" sizes=\"auto, (max-width: 999px) 100vw, 999px\" \/><figcaption class=\"wp-element-caption\">L&#8217;amour qui nous, 2019<\/figcaption><\/figure>\n\n\n\n<figure class=\"wp-block-image size-large\"><img loading=\"lazy\" decoding=\"async\" width=\"444\" height=\"1024\" data-id=\"576\" src=\"https:\/\/myrtilfavre.com\/wp-content\/uploads\/2021\/09\/IMG_9250-copie-444x1024.jpg\" alt=\"\" class=\"wp-image-576\" srcset=\"https:\/\/myrtilfavre.com\/wp-content\/uploads\/2021\/09\/IMG_9250-copie-444x1024.jpg 444w, https:\/\/myrtilfavre.com\/wp-content\/uploads\/2021\/09\/IMG_9250-copie-130x300.jpg 130w, https:\/\/myrtilfavre.com\/wp-content\/uploads\/2021\/09\/IMG_9250-copie-768x1772.jpg 768w, https:\/\/myrtilfavre.com\/wp-content\/uploads\/2021\/09\/IMG_9250-copie-666x1536.jpg 666w, https:\/\/myrtilfavre.com\/wp-content\/uploads\/2021\/09\/IMG_9250-copie-888x2048.jpg 888w, https:\/\/myrtilfavre.com\/wp-content\/uploads\/2021\/09\/IMG_9250-copie-scaled.jpg 1110w\" sizes=\"auto, (max-width: 444px) 100vw, 444px\" \/><figcaption class=\"wp-element-caption\">La fuite, 2018<\/figcaption><\/figure>\n\n\n\n<figure class=\"wp-block-image size-large\"><img loading=\"lazy\" decoding=\"async\" width=\"869\" height=\"1024\" data-id=\"570\" src=\"https:\/\/myrtilfavre.com\/wp-content\/uploads\/2021\/09\/IMG_3252-869x1024.jpg\" alt=\"\" class=\"wp-image-570\" srcset=\"https:\/\/myrtilfavre.com\/wp-content\/uploads\/2021\/09\/IMG_3252-869x1024.jpg 869w, https:\/\/myrtilfavre.com\/wp-content\/uploads\/2021\/09\/IMG_3252-255x300.jpg 255w, https:\/\/myrtilfavre.com\/wp-content\/uploads\/2021\/09\/IMG_3252-768x905.jpg 768w, https:\/\/myrtilfavre.com\/wp-content\/uploads\/2021\/09\/IMG_3252-1304x1536.jpg 1304w, https:\/\/myrtilfavre.com\/wp-content\/uploads\/2021\/09\/IMG_3252-1739x2048.jpg 1739w, https:\/\/myrtilfavre.com\/wp-content\/uploads\/2021\/09\/IMG_3252-1568x1847.jpg 1568w\" sizes=\"auto, (max-width: 869px) 100vw, 869px\" \/><figcaption class=\"wp-element-caption\">Raz du sol II, 2020<\/figcaption><\/figure>\n<\/figure>\n\n\n\n<figure class=\"wp-block-gallery has-nested-images columns-default is-cropped wp-block-gallery-5 is-layout-flex wp-block-gallery-is-layout-flex\">\n<figure class=\"wp-block-image size-large\"><img loading=\"lazy\" decoding=\"async\" width=\"832\" height=\"1024\" data-id=\"727\" src=\"https:\/\/myrtilfavre.com\/wp-content\/uploads\/2021\/09\/IMG_20210724_173657-832x1024.jpg\" alt=\"\" class=\"wp-image-727\" srcset=\"https:\/\/myrtilfavre.com\/wp-content\/uploads\/2021\/09\/IMG_20210724_173657-832x1024.jpg 832w, https:\/\/myrtilfavre.com\/wp-content\/uploads\/2021\/09\/IMG_20210724_173657-244x300.jpg 244w, https:\/\/myrtilfavre.com\/wp-content\/uploads\/2021\/09\/IMG_20210724_173657-768x945.jpg 768w, https:\/\/myrtilfavre.com\/wp-content\/uploads\/2021\/09\/IMG_20210724_173657-1249x1536.jpg 1249w, https:\/\/myrtilfavre.com\/wp-content\/uploads\/2021\/09\/IMG_20210724_173657-1665x2048.jpg 1665w\" sizes=\"auto, (max-width: 832px) 100vw, 832px\" \/><\/figure>\n\n\n\n<figure class=\"wp-block-image size-large\"><img loading=\"lazy\" decoding=\"async\" width=\"991\" height=\"1024\" data-id=\"728\" src=\"https:\/\/myrtilfavre.com\/wp-content\/uploads\/2021\/09\/IMG_9249-991x1024.jpg\" alt=\"\" class=\"wp-image-728\" srcset=\"https:\/\/myrtilfavre.com\/wp-content\/uploads\/2021\/09\/IMG_9249-991x1024.jpg 991w, https:\/\/myrtilfavre.com\/wp-content\/uploads\/2021\/09\/IMG_9249-290x300.jpg 290w, https:\/\/myrtilfavre.com\/wp-content\/uploads\/2021\/09\/IMG_9249-768x794.jpg 768w, https:\/\/myrtilfavre.com\/wp-content\/uploads\/2021\/09\/IMG_9249-1486x1536.jpg 1486w, https:\/\/myrtilfavre.com\/wp-content\/uploads\/2021\/09\/IMG_9249-1981x2048.jpg 1981w, https:\/\/myrtilfavre.com\/wp-content\/uploads\/2021\/09\/IMG_9249.jpg 2045w\" sizes=\"auto, (max-width: 991px) 100vw, 991px\" \/><\/figure>\n\n\n\n<figure class=\"wp-block-image size-large\"><img loading=\"lazy\" decoding=\"async\" width=\"995\" height=\"1024\" data-id=\"729\" src=\"https:\/\/myrtilfavre.com\/wp-content\/uploads\/2021\/09\/IMG_3268-995x1024.jpg\" alt=\"\" class=\"wp-image-729\" srcset=\"https:\/\/myrtilfavre.com\/wp-content\/uploads\/2021\/09\/IMG_3268-995x1024.jpg 995w, https:\/\/myrtilfavre.com\/wp-content\/uploads\/2021\/09\/IMG_3268-292x300.jpg 292w, https:\/\/myrtilfavre.com\/wp-content\/uploads\/2021\/09\/IMG_3268-768x790.jpg 768w, https:\/\/myrtilfavre.com\/wp-content\/uploads\/2021\/09\/IMG_3268-1493x1536.jpg 1493w, https:\/\/myrtilfavre.com\/wp-content\/uploads\/2021\/09\/IMG_3268-1991x2048.jpg 1991w\" sizes=\"auto, (max-width: 995px) 100vw, 995px\" \/><\/figure>\n\n\n\n<figure class=\"wp-block-image size-large\"><img loading=\"lazy\" decoding=\"async\" width=\"573\" height=\"1024\" data-id=\"730\" src=\"https:\/\/myrtilfavre.com\/wp-content\/uploads\/2021\/09\/IMG_3260-1-573x1024.jpg\" alt=\"\" class=\"wp-image-730\" srcset=\"https:\/\/myrtilfavre.com\/wp-content\/uploads\/2021\/09\/IMG_3260-1-573x1024.jpg 573w, https:\/\/myrtilfavre.com\/wp-content\/uploads\/2021\/09\/IMG_3260-1-168x300.jpg 168w, https:\/\/myrtilfavre.com\/wp-content\/uploads\/2021\/09\/IMG_3260-1-768x1373.jpg 768w, https:\/\/myrtilfavre.com\/wp-content\/uploads\/2021\/09\/IMG_3260-1-859x1536.jpg 859w, https:\/\/myrtilfavre.com\/wp-content\/uploads\/2021\/09\/IMG_3260-1-1145x2048.jpg 1145w, https:\/\/myrtilfavre.com\/wp-content\/uploads\/2021\/09\/IMG_3260-1-scaled.jpg 1432w\" sizes=\"auto, (max-width: 573px) 100vw, 573px\" \/><\/figure>\n\n\n\n<figure class=\"wp-block-image size-large\"><img loading=\"lazy\" decoding=\"async\" width=\"703\" height=\"1024\" data-id=\"726\" src=\"https:\/\/myrtilfavre.com\/wp-content\/uploads\/2021\/09\/IMG_20210724_173719-703x1024.jpg\" alt=\"\" class=\"wp-image-726\" srcset=\"https:\/\/myrtilfavre.com\/wp-content\/uploads\/2021\/09\/IMG_20210724_173719-703x1024.jpg 703w, https:\/\/myrtilfavre.com\/wp-content\/uploads\/2021\/09\/IMG_20210724_173719-206x300.jpg 206w, https:\/\/myrtilfavre.com\/wp-content\/uploads\/2021\/09\/IMG_20210724_173719-768x1119.jpg 768w, https:\/\/myrtilfavre.com\/wp-content\/uploads\/2021\/09\/IMG_20210724_173719-1055x1536.jpg 1055w, https:\/\/myrtilfavre.com\/wp-content\/uploads\/2021\/09\/IMG_20210724_173719-1406x2048.jpg 1406w, https:\/\/myrtilfavre.com\/wp-content\/uploads\/2021\/09\/IMG_20210724_173719-scaled.jpg 1758w\" sizes=\"auto, (max-width: 703px) 100vw, 703px\" \/><\/figure>\n<\/figure>\n<\/div><\/div>\n\n\n\n<div class=\"wp-block-group alignfull has-background\" style=\"background-color:#f7f7f7\"><div class=\"wp-block-group__inner-container is-layout-flow wp-block-group-is-layout-flow\">\n<figure class=\"wp-block-gallery has-nested-images columns-2 is-cropped wp-block-gallery-6 is-layout-flex wp-block-gallery-is-layout-flex\">\n<figure class=\"wp-block-image size-large\"><img loading=\"lazy\" decoding=\"async\" width=\"770\" height=\"1024\" data-id=\"838\" src=\"https:\/\/myrtilfavre.com\/wp-content\/uploads\/2021\/11\/IMG_20211130_100452-770x1024.jpg\" alt=\"\" class=\"wp-image-838\" srcset=\"https:\/\/myrtilfavre.com\/wp-content\/uploads\/2021\/11\/IMG_20211130_100452-770x1024.jpg 770w, https:\/\/myrtilfavre.com\/wp-content\/uploads\/2021\/11\/IMG_20211130_100452-226x300.jpg 226w, https:\/\/myrtilfavre.com\/wp-content\/uploads\/2021\/11\/IMG_20211130_100452-768x1021.jpg 768w, https:\/\/myrtilfavre.com\/wp-content\/uploads\/2021\/11\/IMG_20211130_100452-1155x1536.jpg 1155w, https:\/\/myrtilfavre.com\/wp-content\/uploads\/2021\/11\/IMG_20211130_100452-1540x2048.jpg 1540w, https:\/\/myrtilfavre.com\/wp-content\/uploads\/2021\/11\/IMG_20211130_100452-scaled.jpg 1925w\" sizes=\"auto, (max-width: 770px) 100vw, 770px\" \/><figcaption class=\"wp-element-caption\">les courbes  co\u00efncident<\/figcaption><\/figure>\n\n\n\n<figure class=\"wp-block-image size-large\"><img loading=\"lazy\" decoding=\"async\" width=\"705\" height=\"1024\" data-id=\"839\" src=\"https:\/\/myrtilfavre.com\/wp-content\/uploads\/2021\/11\/IMG_20211130_100648-705x1024.jpg\" alt=\"\" class=\"wp-image-839\" srcset=\"https:\/\/myrtilfavre.com\/wp-content\/uploads\/2021\/11\/IMG_20211130_100648-705x1024.jpg 705w, https:\/\/myrtilfavre.com\/wp-content\/uploads\/2021\/11\/IMG_20211130_100648-207x300.jpg 207w, https:\/\/myrtilfavre.com\/wp-content\/uploads\/2021\/11\/IMG_20211130_100648-768x1116.jpg 768w, https:\/\/myrtilfavre.com\/wp-content\/uploads\/2021\/11\/IMG_20211130_100648-1057x1536.jpg 1057w, https:\/\/myrtilfavre.com\/wp-content\/uploads\/2021\/11\/IMG_20211130_100648-1410x2048.jpg 1410w, https:\/\/myrtilfavre.com\/wp-content\/uploads\/2021\/11\/IMG_20211130_100648.jpg 1648w\" sizes=\"auto, (max-width: 705px) 100vw, 705px\" \/><figcaption class=\"wp-element-caption\">on ne dispara\u00eet jamais<\/figcaption><\/figure>\n\n\n\n<figure class=\"wp-block-image size-large\"><img loading=\"lazy\" decoding=\"async\" width=\"765\" height=\"1024\" data-id=\"840\" src=\"https:\/\/myrtilfavre.com\/wp-content\/uploads\/2021\/11\/IMG_20211130_100614-765x1024.jpg\" alt=\"\" class=\"wp-image-840\" srcset=\"https:\/\/myrtilfavre.com\/wp-content\/uploads\/2021\/11\/IMG_20211130_100614-765x1024.jpg 765w, https:\/\/myrtilfavre.com\/wp-content\/uploads\/2021\/11\/IMG_20211130_100614-224x300.jpg 224w, https:\/\/myrtilfavre.com\/wp-content\/uploads\/2021\/11\/IMG_20211130_100614-768x1028.jpg 768w, https:\/\/myrtilfavre.com\/wp-content\/uploads\/2021\/11\/IMG_20211130_100614-1147x1536.jpg 1147w, https:\/\/myrtilfavre.com\/wp-content\/uploads\/2021\/11\/IMG_20211130_100614-1530x2048.jpg 1530w, https:\/\/myrtilfavre.com\/wp-content\/uploads\/2021\/11\/IMG_20211130_100614-scaled.jpg 1912w\" sizes=\"auto, (max-width: 765px) 100vw, 765px\" \/><figcaption class=\"wp-element-caption\">-Oui&#8230;<\/figcaption><\/figure>\n<\/figure>\n<\/div><\/div>\n\n\n\n<div class=\"wp-block-group alignfull has-white-background-color has-background\"><div class=\"wp-block-group__inner-container is-layout-flow wp-block-group-is-layout-flow\">\n<div class=\"wp-block-media-text alignwide is-stacked-on-mobile\" id=\"exposition-arcades\"><figure class=\"wp-block-media-text__media\"><a href=\"https:\/\/myrtilfavre.com\/wp-admin\/post.php?post=767&amp;action=edit\"><img loading=\"lazy\" decoding=\"async\" width=\"780\" height=\"585\" src=\"http:\/\/myrtilfavre.com\/wp-content\/uploads\/2021\/09\/242032556_388842842629349_1516058576669561072_n.jpg\" alt=\"\" class=\"wp-image-610 size-full\" srcset=\"https:\/\/myrtilfavre.com\/wp-content\/uploads\/2021\/09\/242032556_388842842629349_1516058576669561072_n.jpg 780w, https:\/\/myrtilfavre.com\/wp-content\/uploads\/2021\/09\/242032556_388842842629349_1516058576669561072_n-300x225.jpg 300w, https:\/\/myrtilfavre.com\/wp-content\/uploads\/2021\/09\/242032556_388842842629349_1516058576669561072_n-768x576.jpg 768w\" sizes=\"auto, (max-width: 780px) 100vw, 780px\" \/><\/a><\/figure><div class=\"wp-block-media-text__content\">\n<h2 class=\"wp-block-heading has-black-color has-text-color\" id=\"exposition-arcade\"><a href=\"https:\/\/myrtilfavre.com\/wp-admin\/post.php?post=767&amp;action=edit\">Exposition<\/a><\/h2>\n\n\n\n<p>13 ao\u00fbt -31 octobre 2021<\/p>\n\n\n\n<p>Maison des Arcades GRIMAUD<\/p>\n\n\n\n<p>Vernissage le 17 septembre<\/p>\n\n\n\n<div class=\"wp-block-buttons is-layout-flex wp-block-buttons-is-layout-flex\">\n<div class=\"wp-block-button is-style-outline is-style-outline--7\"><a class=\"wp-block-button__link wp-element-button\" href=\"https:\/\/myrtilfavre.com\/wp-admin\/post.php?post=767&amp;action=edit\" rel=\"#\">Voir plus<\/a><\/div>\n<\/div>\n<\/div><\/div>\n<\/div><\/div>\n","protected":false},"excerpt":{"rendered":"<p>Processus cr\u00e9atif Les formes et les couleurs me permettent de raconter des territoires le plus souvent inaccessibles avec les mots. Il est parfois difficile de [&#8230;]<\/p>\n","protected":false},"author":1,"featured_media":0,"parent":0,"menu_order":0,"comment_status":"closed","ping_status":"closed","template":"","meta":{"om_disable_all_campaigns":false,"_monsterinsights_skip_tracking":false,"_monsterinsights_sitenote_active":false,"_monsterinsights_sitenote_note":"","_monsterinsights_sitenote_category":0,"footnotes":""},"class_list":["post-219","page","type-page","status-publish","hentry"],"_links":{"self":[{"href":"https:\/\/myrtilfavre.com\/index.php\/wp-json\/wp\/v2\/pages\/219","targetHints":{"allow":["GET"]}}],"collection":[{"href":"https:\/\/myrtilfavre.com\/index.php\/wp-json\/wp\/v2\/pages"}],"about":[{"href":"https:\/\/myrtilfavre.com\/index.php\/wp-json\/wp\/v2\/types\/page"}],"author":[{"embeddable":true,"href":"https:\/\/myrtilfavre.com\/index.php\/wp-json\/wp\/v2\/users\/1"}],"replies":[{"embeddable":true,"href":"https:\/\/myrtilfavre.com\/index.php\/wp-json\/wp\/v2\/comments?post=219"}],"version-history":[{"count":26,"href":"https:\/\/myrtilfavre.com\/index.php\/wp-json\/wp\/v2\/pages\/219\/revisions"}],"predecessor-version":[{"id":1038,"href":"https:\/\/myrtilfavre.com\/index.php\/wp-json\/wp\/v2\/pages\/219\/revisions\/1038"}],"wp:attachment":[{"href":"https:\/\/myrtilfavre.com\/index.php\/wp-json\/wp\/v2\/media?parent=219"}],"curies":[{"name":"wp","href":"https:\/\/api.w.org\/{rel}","templated":true}]}}