{"id":642,"date":"2021-09-15T16:19:06","date_gmt":"2021-09-15T16:19:06","guid":{"rendered":"http:\/\/myrtilfavre.com\/?page_id=642"},"modified":"2025-11-24T13:56:09","modified_gmt":"2025-11-24T13:56:09","slug":"petit-sommeil","status":"publish","type":"page","link":"https:\/\/myrtilfavre.com\/index.php\/petit-sommeil\/","title":{"rendered":"Art-th\u00e9rapie et cr\u00e9ativit\u00e9"},"content":{"rendered":"\n<div class=\"wp-block-group is-nowrap is-layout-flex wp-container-core-group-is-layout-ad2f72ca wp-block-group-is-layout-flex\"><\/div>\n\n\n\n<div class=\"wp-block-group is-vertical is-layout-flex wp-container-core-group-is-layout-8cf370e7 wp-block-group-is-layout-flex\">\n<div class=\"wp-block-media-text is-stacked-on-mobile\"><figure class=\"wp-block-media-text__media\"><a href=\"https:\/\/www.arttherapiemyrtilfavre.fr\/\"><img loading=\"lazy\" decoding=\"async\" width=\"1024\" height=\"1024\" src=\"http:\/\/myrtilfavre.com\/wp-content\/uploads\/2025\/11\/IMG_0156-1024x1024.jpg\" alt=\"\" class=\"wp-image-928 size-full\" srcset=\"https:\/\/myrtilfavre.com\/wp-content\/uploads\/2025\/11\/IMG_0156-1024x1024.jpg 1024w, https:\/\/myrtilfavre.com\/wp-content\/uploads\/2025\/11\/IMG_0156-300x300.jpg 300w, https:\/\/myrtilfavre.com\/wp-content\/uploads\/2025\/11\/IMG_0156-150x150.jpg 150w, https:\/\/myrtilfavre.com\/wp-content\/uploads\/2025\/11\/IMG_0156-768x769.jpg 768w, https:\/\/myrtilfavre.com\/wp-content\/uploads\/2025\/11\/IMG_0156-1536x1536.jpg 1536w, https:\/\/myrtilfavre.com\/wp-content\/uploads\/2025\/11\/IMG_0156-2046x2048.jpg 2046w\" sizes=\"auto, (max-width: 1024px) 100vw, 1024px\" \/><\/a><\/figure><div class=\"wp-block-media-text__content\">\n<p><strong>ART &#8211; TH\u00e9RAPIE<\/strong><\/p>\n<\/div><\/div>\n\n\n\n<div class=\"wp-block-media-text has-media-on-the-right is-stacked-on-mobile\"><div class=\"wp-block-media-text__content\">\n<p><strong>LES ATELIERS D&#8217;ART<\/strong><\/p>\n<\/div><figure class=\"wp-block-media-text__media\"><a href=\"https:\/\/myrtilfavre.com\/index.php\/les-ateliers\/\"><img loading=\"lazy\" decoding=\"async\" width=\"683\" height=\"1024\" src=\"http:\/\/myrtilfavre.com\/wp-content\/uploads\/2025\/11\/wk-7-1-683x1024.jpg\" alt=\"\" class=\"wp-image-975 size-full\" srcset=\"https:\/\/myrtilfavre.com\/wp-content\/uploads\/2025\/11\/wk-7-1-683x1024.jpg 683w, https:\/\/myrtilfavre.com\/wp-content\/uploads\/2025\/11\/wk-7-1-200x300.jpg 200w, https:\/\/myrtilfavre.com\/wp-content\/uploads\/2025\/11\/wk-7-1-768x1152.jpg 768w, https:\/\/myrtilfavre.com\/wp-content\/uploads\/2025\/11\/wk-7-1-1024x1536.jpg 1024w, https:\/\/myrtilfavre.com\/wp-content\/uploads\/2025\/11\/wk-7-1-1365x2048.jpg 1365w, https:\/\/myrtilfavre.com\/wp-content\/uploads\/2025\/11\/wk-7-1-scaled.jpg 1707w\" sizes=\"auto, (max-width: 683px) 100vw, 683px\" \/><\/a><\/figure><\/div>\n<\/div>\n\n\n\n<figure class=\"wp-block-pullquote\"><blockquote><p>&#8220;M\u00eame L\u00e9onard de Vinci ne pourrait pas faire ce que vous faites!&#8221;<\/p><cite>Proverbe personnel<\/cite><\/blockquote><\/figure>\n\n\n\n<div class=\"wp-block-media-text is-stacked-on-mobile\"><figure class=\"wp-block-media-text__media\"><a href=\"https:\/\/myrtilfavre.com\/index.php\/art-therapie\/\"><img loading=\"lazy\" decoding=\"async\" width=\"462\" height=\"1024\" src=\"http:\/\/myrtilfavre.com\/wp-content\/uploads\/2025\/11\/1000043935-462x1024.jpg\" alt=\"\" class=\"wp-image-876 size-full\" srcset=\"https:\/\/myrtilfavre.com\/wp-content\/uploads\/2025\/11\/1000043935-462x1024.jpg 462w, https:\/\/myrtilfavre.com\/wp-content\/uploads\/2025\/11\/1000043935-135x300.jpg 135w, https:\/\/myrtilfavre.com\/wp-content\/uploads\/2025\/11\/1000043935-768x1704.jpg 768w, https:\/\/myrtilfavre.com\/wp-content\/uploads\/2025\/11\/1000043935-692x1536.jpg 692w, https:\/\/myrtilfavre.com\/wp-content\/uploads\/2025\/11\/1000043935-923x2048.jpg 923w, https:\/\/myrtilfavre.com\/wp-content\/uploads\/2025\/11\/1000043935-scaled.jpg 1154w\" sizes=\"auto, (max-width: 462px) 100vw, 462px\" \/><\/a><\/figure><div class=\"wp-block-media-text__content\">\n<p><strong>LES ATELIERS DU MERCREDI<\/strong><\/p>\n<\/div><\/div>\n\n\n\n<hr class=\"wp-block-separator has-alpha-channel-opacity\"\/>\n\n\n\n<div class=\"wp-block-media-text is-stacked-on-mobile\"><figure class=\"wp-block-media-text__media\"><img loading=\"lazy\" decoding=\"async\" width=\"1024\" height=\"768\" src=\"http:\/\/myrtilfavre.com\/wp-content\/uploads\/2025\/11\/IMG_20181210_154441-1024x768.jpg\" alt=\"\" class=\"wp-image-923 size-full\" srcset=\"https:\/\/myrtilfavre.com\/wp-content\/uploads\/2025\/11\/IMG_20181210_154441-1024x768.jpg 1024w, https:\/\/myrtilfavre.com\/wp-content\/uploads\/2025\/11\/IMG_20181210_154441-300x225.jpg 300w, https:\/\/myrtilfavre.com\/wp-content\/uploads\/2025\/11\/IMG_20181210_154441-768x576.jpg 768w, https:\/\/myrtilfavre.com\/wp-content\/uploads\/2025\/11\/IMG_20181210_154441-1536x1152.jpg 1536w, https:\/\/myrtilfavre.com\/wp-content\/uploads\/2025\/11\/IMG_20181210_154441-2048x1536.jpg 2048w, https:\/\/myrtilfavre.com\/wp-content\/uploads\/2025\/11\/IMG_20181210_154441-960x720.jpg 960w\" sizes=\"auto, (max-width: 1024px) 100vw, 1024px\" \/><\/figure><div class=\"wp-block-media-text__content\">\n<p><strong>LES ATELIERS EN INSTITUTION<\/strong><\/p>\n<\/div><\/div>\n\n\n\n<div class=\"wp-block-media-text has-media-on-the-right is-stacked-on-mobile\"><div class=\"wp-block-media-text__content\">\n<p><strong>LES FRESQUES<\/strong><\/p>\n<\/div><figure class=\"wp-block-media-text__media\"><img loading=\"lazy\" decoding=\"async\" width=\"1024\" height=\"1024\" src=\"http:\/\/myrtilfavre.com\/wp-content\/uploads\/2025\/11\/pierrefresque-1024x1024.png\" alt=\"\" class=\"wp-image-992 size-full\" srcset=\"https:\/\/myrtilfavre.com\/wp-content\/uploads\/2025\/11\/pierrefresque-1024x1024.png 1024w, https:\/\/myrtilfavre.com\/wp-content\/uploads\/2025\/11\/pierrefresque-300x300.png 300w, https:\/\/myrtilfavre.com\/wp-content\/uploads\/2025\/11\/pierrefresque-150x150.png 150w, https:\/\/myrtilfavre.com\/wp-content\/uploads\/2025\/11\/pierrefresque-768x768.png 768w, https:\/\/myrtilfavre.com\/wp-content\/uploads\/2025\/11\/pierrefresque.png 1133w\" sizes=\"auto, (max-width: 1024px) 100vw, 1024px\" \/><\/figure><\/div>\n","protected":false},"excerpt":{"rendered":"<p>ART &#8211; TH\u00e9RAPIE LES ATELIERS D&#8217;ART &#8220;M\u00eame L\u00e9onard de Vinci ne pourrait pas faire ce que vous faites!&#8221; Proverbe personnel LES ATELIERS DU MERCREDI LES [&#8230;]<\/p>\n","protected":false},"author":1,"featured_media":0,"parent":0,"menu_order":0,"comment_status":"closed","ping_status":"closed","template":"","meta":{"om_disable_all_campaigns":false,"_monsterinsights_skip_tracking":false,"_monsterinsights_sitenote_active":false,"_monsterinsights_sitenote_note":"","_monsterinsights_sitenote_category":0,"footnotes":""},"class_list":["post-642","page","type-page","status-publish","hentry"],"_links":{"self":[{"href":"https:\/\/myrtilfavre.com\/index.php\/wp-json\/wp\/v2\/pages\/642","targetHints":{"allow":["GET"]}}],"collection":[{"href":"https:\/\/myrtilfavre.com\/index.php\/wp-json\/wp\/v2\/pages"}],"about":[{"href":"https:\/\/myrtilfavre.com\/index.php\/wp-json\/wp\/v2\/types\/page"}],"author":[{"embeddable":true,"href":"https:\/\/myrtilfavre.com\/index.php\/wp-json\/wp\/v2\/users\/1"}],"replies":[{"embeddable":true,"href":"https:\/\/myrtilfavre.com\/index.php\/wp-json\/wp\/v2\/comments?post=642"}],"version-history":[{"count":32,"href":"https:\/\/myrtilfavre.com\/index.php\/wp-json\/wp\/v2\/pages\/642\/revisions"}],"predecessor-version":[{"id":1034,"href":"https:\/\/myrtilfavre.com\/index.php\/wp-json\/wp\/v2\/pages\/642\/revisions\/1034"}],"wp:attachment":[{"href":"https:\/\/myrtilfavre.com\/index.php\/wp-json\/wp\/v2\/media?parent=642"}],"curies":[{"name":"wp","href":"https:\/\/api.w.org\/{rel}","templated":true}]}}