{"id":986,"date":"2025-11-23T11:43:30","date_gmt":"2025-11-23T11:43:30","guid":{"rendered":"https:\/\/myrtilfavre.com\/?page_id=986"},"modified":"2025-11-24T13:51:50","modified_gmt":"2025-11-24T13:51:50","slug":"art-therapie","status":"publish","type":"page","link":"https:\/\/myrtilfavre.com\/index.php\/art-therapie\/","title":{"rendered":"Les ateliers du  Mercredi"},"content":{"rendered":"\n<p>Ateliers \u00e0 l&#8217; Espace Culturel des Bruy\u00e8res \u00e0 la Croix Valmer<\/p>\n\n\n\n<p>\ud83d\udc69\u200d\ud83c\udfa8Atelier enfants<\/p>\n\n\n\n<p>\ud83e\udd38\u200d\u2642\ufe0fCREATIVITE EN LIBERTE\ud83c\udfa8&nbsp;<br>Atelier de cr\u00e9ativit\u00e9 et d&#8217;expression artistique pour apprendre en s&#8217;amusant, pour se faire confiance, pour mieux exprimer ce qui reste \u00e0 l&#8217;int\u00e9rieur. <\/p>\n\n\n\n<p>Explorer, d\u00e9couvrir, exp\u00e9rimenter et&nbsp;lib\u00e9rer sa cr\u00e9ativit\u00e9.<\/p>\n\n\n\n<p><br>A partir de 4 ans 10h30-12h<br>A partir de 6 ans 14h30-16h<br><\/p>\n\n\n\n<figure class=\"wp-block-gallery has-nested-images columns-default is-cropped wp-block-gallery-1 is-layout-flex wp-block-gallery-is-layout-flex\">\n<figure class=\"wp-block-image size-large\"><img loading=\"lazy\" decoding=\"async\" width=\"1024\" height=\"768\" data-id=\"930\" src=\"http:\/\/myrtilfavre.com\/wp-content\/uploads\/2025\/11\/IMG_20190709_111736-1024x768.jpg\" alt=\"\" class=\"wp-image-930\" srcset=\"https:\/\/myrtilfavre.com\/wp-content\/uploads\/2025\/11\/IMG_20190709_111736-1024x768.jpg 1024w, https:\/\/myrtilfavre.com\/wp-content\/uploads\/2025\/11\/IMG_20190709_111736-300x225.jpg 300w, https:\/\/myrtilfavre.com\/wp-content\/uploads\/2025\/11\/IMG_20190709_111736-768x576.jpg 768w, https:\/\/myrtilfavre.com\/wp-content\/uploads\/2025\/11\/IMG_20190709_111736-1536x1152.jpg 1536w, https:\/\/myrtilfavre.com\/wp-content\/uploads\/2025\/11\/IMG_20190709_111736-2048x1536.jpg 2048w, https:\/\/myrtilfavre.com\/wp-content\/uploads\/2025\/11\/IMG_20190709_111736-960x720.jpg 960w\" sizes=\"auto, (max-width: 1024px) 100vw, 1024px\" \/><figcaption class=\"wp-element-caption\">sdr<\/figcaption><\/figure>\n<\/figure>\n\n\n\n<figure class=\"wp-block-gallery has-nested-images columns-default is-cropped wp-block-gallery-2 is-layout-flex wp-block-gallery-is-layout-flex\">\n<figure class=\"wp-block-image size-large\"><img loading=\"lazy\" decoding=\"async\" width=\"1024\" height=\"1024\" data-id=\"1005\" src=\"https:\/\/myrtilfavre.com\/wp-content\/uploads\/2025\/11\/at-mercredi6-1024x1024.jpg\" alt=\"\" class=\"wp-image-1005\" srcset=\"https:\/\/myrtilfavre.com\/wp-content\/uploads\/2025\/11\/at-mercredi6-1024x1024.jpg 1024w, https:\/\/myrtilfavre.com\/wp-content\/uploads\/2025\/11\/at-mercredi6-300x300.jpg 300w, https:\/\/myrtilfavre.com\/wp-content\/uploads\/2025\/11\/at-mercredi6-150x150.jpg 150w, https:\/\/myrtilfavre.com\/wp-content\/uploads\/2025\/11\/at-mercredi6-768x768.jpg 768w, https:\/\/myrtilfavre.com\/wp-content\/uploads\/2025\/11\/at-mercredi6-1536x1536.jpg 1536w, https:\/\/myrtilfavre.com\/wp-content\/uploads\/2025\/11\/at-mercredi6-2048x2048.jpg 2048w\" sizes=\"auto, (max-width: 1024px) 100vw, 1024px\" \/><\/figure>\n\n\n\n<figure class=\"wp-block-image size-large\"><img loading=\"lazy\" decoding=\"async\" width=\"1024\" height=\"1024\" data-id=\"1006\" src=\"https:\/\/myrtilfavre.com\/wp-content\/uploads\/2025\/11\/at-mercredi5-1024x1024.jpg\" alt=\"\" class=\"wp-image-1006\" srcset=\"https:\/\/myrtilfavre.com\/wp-content\/uploads\/2025\/11\/at-mercredi5-1024x1024.jpg 1024w, https:\/\/myrtilfavre.com\/wp-content\/uploads\/2025\/11\/at-mercredi5-300x300.jpg 300w, https:\/\/myrtilfavre.com\/wp-content\/uploads\/2025\/11\/at-mercredi5-150x150.jpg 150w, https:\/\/myrtilfavre.com\/wp-content\/uploads\/2025\/11\/at-mercredi5-768x768.jpg 768w, https:\/\/myrtilfavre.com\/wp-content\/uploads\/2025\/11\/at-mercredi5-1536x1536.jpg 1536w, https:\/\/myrtilfavre.com\/wp-content\/uploads\/2025\/11\/at-mercredi5-2048x2048.jpg 2048w\" sizes=\"auto, (max-width: 1024px) 100vw, 1024px\" \/><\/figure>\n\n\n\n<figure class=\"wp-block-image size-large\"><img loading=\"lazy\" decoding=\"async\" width=\"1024\" height=\"1024\" data-id=\"1007\" src=\"https:\/\/myrtilfavre.com\/wp-content\/uploads\/2025\/11\/at-mercredi-4-1024x1024.jpg\" alt=\"\" class=\"wp-image-1007\" srcset=\"https:\/\/myrtilfavre.com\/wp-content\/uploads\/2025\/11\/at-mercredi-4-1024x1024.jpg 1024w, https:\/\/myrtilfavre.com\/wp-content\/uploads\/2025\/11\/at-mercredi-4-300x300.jpg 300w, https:\/\/myrtilfavre.com\/wp-content\/uploads\/2025\/11\/at-mercredi-4-150x150.jpg 150w, https:\/\/myrtilfavre.com\/wp-content\/uploads\/2025\/11\/at-mercredi-4-768x768.jpg 768w, https:\/\/myrtilfavre.com\/wp-content\/uploads\/2025\/11\/at-mercredi-4-1536x1536.jpg 1536w, https:\/\/myrtilfavre.com\/wp-content\/uploads\/2025\/11\/at-mercredi-4-2048x2048.jpg 2048w\" sizes=\"auto, (max-width: 1024px) 100vw, 1024px\" \/><\/figure>\n\n\n\n<figure class=\"wp-block-image size-large\"><img loading=\"lazy\" decoding=\"async\" width=\"1024\" height=\"1024\" data-id=\"1008\" src=\"https:\/\/myrtilfavre.com\/wp-content\/uploads\/2025\/11\/at-mercredi-3-1024x1024.jpg\" alt=\"\" class=\"wp-image-1008\" srcset=\"https:\/\/myrtilfavre.com\/wp-content\/uploads\/2025\/11\/at-mercredi-3-1024x1024.jpg 1024w, https:\/\/myrtilfavre.com\/wp-content\/uploads\/2025\/11\/at-mercredi-3-300x300.jpg 300w, https:\/\/myrtilfavre.com\/wp-content\/uploads\/2025\/11\/at-mercredi-3-150x150.jpg 150w, https:\/\/myrtilfavre.com\/wp-content\/uploads\/2025\/11\/at-mercredi-3-768x768.jpg 768w, https:\/\/myrtilfavre.com\/wp-content\/uploads\/2025\/11\/at-mercredi-3-1536x1536.jpg 1536w, https:\/\/myrtilfavre.com\/wp-content\/uploads\/2025\/11\/at-mercredi-3-2048x2048.jpg 2048w\" sizes=\"auto, (max-width: 1024px) 100vw, 1024px\" \/><\/figure>\n\n\n\n<figure class=\"wp-block-image size-large\"><img loading=\"lazy\" decoding=\"async\" width=\"1024\" height=\"1024\" data-id=\"1009\" src=\"https:\/\/myrtilfavre.com\/wp-content\/uploads\/2025\/11\/At-mercredi-2-1024x1024.jpg\" alt=\"\" class=\"wp-image-1009\" srcset=\"https:\/\/myrtilfavre.com\/wp-content\/uploads\/2025\/11\/At-mercredi-2-1024x1024.jpg 1024w, https:\/\/myrtilfavre.com\/wp-content\/uploads\/2025\/11\/At-mercredi-2-300x300.jpg 300w, https:\/\/myrtilfavre.com\/wp-content\/uploads\/2025\/11\/At-mercredi-2-150x150.jpg 150w, https:\/\/myrtilfavre.com\/wp-content\/uploads\/2025\/11\/At-mercredi-2-768x768.jpg 768w, https:\/\/myrtilfavre.com\/wp-content\/uploads\/2025\/11\/At-mercredi-2-1536x1536.jpg 1536w, https:\/\/myrtilfavre.com\/wp-content\/uploads\/2025\/11\/At-mercredi-2-2048x2048.jpg 2048w\" sizes=\"auto, (max-width: 1024px) 100vw, 1024px\" \/><\/figure>\n\n\n\n<figure class=\"wp-block-image size-large\"><img loading=\"lazy\" decoding=\"async\" width=\"1024\" height=\"1024\" data-id=\"1010\" src=\"https:\/\/myrtilfavre.com\/wp-content\/uploads\/2025\/11\/at-mercredi-e-1024x1024.jpg\" alt=\"\" class=\"wp-image-1010\" srcset=\"https:\/\/myrtilfavre.com\/wp-content\/uploads\/2025\/11\/at-mercredi-e-1024x1024.jpg 1024w, https:\/\/myrtilfavre.com\/wp-content\/uploads\/2025\/11\/at-mercredi-e-300x300.jpg 300w, https:\/\/myrtilfavre.com\/wp-content\/uploads\/2025\/11\/at-mercredi-e-150x150.jpg 150w, https:\/\/myrtilfavre.com\/wp-content\/uploads\/2025\/11\/at-mercredi-e-768x768.jpg 768w, https:\/\/myrtilfavre.com\/wp-content\/uploads\/2025\/11\/at-mercredi-e-1536x1536.jpg 1536w, https:\/\/myrtilfavre.com\/wp-content\/uploads\/2025\/11\/at-mercredi-e-2048x2048.jpg 2048w\" sizes=\"auto, (max-width: 1024px) 100vw, 1024px\" \/><\/figure>\n\n\n\n<figure class=\"wp-block-image size-large\"><img loading=\"lazy\" decoding=\"async\" width=\"768\" height=\"1024\" data-id=\"998\" src=\"https:\/\/myrtilfavre.com\/wp-content\/uploads\/2025\/11\/IMG_20230118_170341-768x1024.jpg\" alt=\"\" class=\"wp-image-998\" srcset=\"https:\/\/myrtilfavre.com\/wp-content\/uploads\/2025\/11\/IMG_20230118_170341-768x1024.jpg 768w, https:\/\/myrtilfavre.com\/wp-content\/uploads\/2025\/11\/IMG_20230118_170341-225x300.jpg 225w, https:\/\/myrtilfavre.com\/wp-content\/uploads\/2025\/11\/IMG_20230118_170341-1152x1536.jpg 1152w, https:\/\/myrtilfavre.com\/wp-content\/uploads\/2025\/11\/IMG_20230118_170341-1536x2048.jpg 1536w, https:\/\/myrtilfavre.com\/wp-content\/uploads\/2025\/11\/IMG_20230118_170341-scaled.jpg 1920w\" sizes=\"auto, (max-width: 768px) 100vw, 768px\" \/><\/figure>\n\n\n\n<figure class=\"wp-block-image size-large\"><img loading=\"lazy\" decoding=\"async\" width=\"768\" height=\"1024\" data-id=\"1013\" src=\"http:\/\/myrtilfavre.com\/wp-content\/uploads\/2025\/11\/20250507_113733-768x1024.jpg\" alt=\"\" class=\"wp-image-1013\" srcset=\"https:\/\/myrtilfavre.com\/wp-content\/uploads\/2025\/11\/20250507_113733-768x1024.jpg 768w, https:\/\/myrtilfavre.com\/wp-content\/uploads\/2025\/11\/20250507_113733-225x300.jpg 225w, https:\/\/myrtilfavre.com\/wp-content\/uploads\/2025\/11\/20250507_113733-1152x1536.jpg 1152w, https:\/\/myrtilfavre.com\/wp-content\/uploads\/2025\/11\/20250507_113733-1536x2048.jpg 1536w, https:\/\/myrtilfavre.com\/wp-content\/uploads\/2025\/11\/20250507_113733-scaled.jpg 1920w\" sizes=\"auto, (max-width: 768px) 100vw, 768px\" \/><\/figure>\n\n\n\n<figure class=\"wp-block-image size-large\"><img loading=\"lazy\" decoding=\"async\" width=\"462\" height=\"1024\" data-id=\"876\" src=\"https:\/\/myrtilfavre.com\/wp-content\/uploads\/2025\/11\/1000043935-462x1024.jpg\" alt=\"\" class=\"wp-image-876\" srcset=\"https:\/\/myrtilfavre.com\/wp-content\/uploads\/2025\/11\/1000043935-462x1024.jpg 462w, https:\/\/myrtilfavre.com\/wp-content\/uploads\/2025\/11\/1000043935-135x300.jpg 135w, https:\/\/myrtilfavre.com\/wp-content\/uploads\/2025\/11\/1000043935-768x1704.jpg 768w, https:\/\/myrtilfavre.com\/wp-content\/uploads\/2025\/11\/1000043935-692x1536.jpg 692w, https:\/\/myrtilfavre.com\/wp-content\/uploads\/2025\/11\/1000043935-923x2048.jpg 923w, https:\/\/myrtilfavre.com\/wp-content\/uploads\/2025\/11\/1000043935-scaled.jpg 1154w\" sizes=\"auto, (max-width: 462px) 100vw, 462px\" \/><\/figure>\n<\/figure>\n\n\n\n<figure class=\"wp-block-gallery has-nested-images columns-default is-cropped wp-block-gallery-3 is-layout-flex wp-block-gallery-is-layout-flex\">\n<figure class=\"wp-block-image size-large\"><img loading=\"lazy\" decoding=\"async\" width=\"1024\" height=\"768\" data-id=\"1015\" src=\"https:\/\/myrtilfavre.com\/wp-content\/uploads\/2025\/11\/20250416_172958-1024x768.jpg\" alt=\"\" class=\"wp-image-1015\" srcset=\"https:\/\/myrtilfavre.com\/wp-content\/uploads\/2025\/11\/20250416_172958-1024x768.jpg 1024w, https:\/\/myrtilfavre.com\/wp-content\/uploads\/2025\/11\/20250416_172958-300x225.jpg 300w, https:\/\/myrtilfavre.com\/wp-content\/uploads\/2025\/11\/20250416_172958-768x576.jpg 768w, https:\/\/myrtilfavre.com\/wp-content\/uploads\/2025\/11\/20250416_172958-1536x1152.jpg 1536w, https:\/\/myrtilfavre.com\/wp-content\/uploads\/2025\/11\/20250416_172958-2048x1536.jpg 2048w, https:\/\/myrtilfavre.com\/wp-content\/uploads\/2025\/11\/20250416_172958-960x720.jpg 960w\" sizes=\"auto, (max-width: 1024px) 100vw, 1024px\" \/><\/figure>\n\n\n\n<figure class=\"wp-block-image size-large\"><img loading=\"lazy\" decoding=\"async\" width=\"768\" height=\"1024\" data-id=\"1012\" src=\"https:\/\/myrtilfavre.com\/wp-content\/uploads\/2025\/11\/20250507_153859-768x1024.jpg\" alt=\"\" class=\"wp-image-1012\" srcset=\"https:\/\/myrtilfavre.com\/wp-content\/uploads\/2025\/11\/20250507_153859-768x1024.jpg 768w, https:\/\/myrtilfavre.com\/wp-content\/uploads\/2025\/11\/20250507_153859-225x300.jpg 225w, https:\/\/myrtilfavre.com\/wp-content\/uploads\/2025\/11\/20250507_153859-1152x1536.jpg 1152w, https:\/\/myrtilfavre.com\/wp-content\/uploads\/2025\/11\/20250507_153859-scaled.jpg 1920w\" sizes=\"auto, (max-width: 768px) 100vw, 768px\" \/><\/figure>\n\n\n\n<figure class=\"wp-block-image size-large\"><img loading=\"lazy\" decoding=\"async\" width=\"768\" height=\"1024\" data-id=\"1011\" src=\"https:\/\/myrtilfavre.com\/wp-content\/uploads\/2025\/11\/20250411_142446-768x1024.jpg\" alt=\"\" class=\"wp-image-1011\" srcset=\"https:\/\/myrtilfavre.com\/wp-content\/uploads\/2025\/11\/20250411_142446-768x1024.jpg 768w, https:\/\/myrtilfavre.com\/wp-content\/uploads\/2025\/11\/20250411_142446-225x300.jpg 225w, https:\/\/myrtilfavre.com\/wp-content\/uploads\/2025\/11\/20250411_142446-1152x1536.jpg 1152w, https:\/\/myrtilfavre.com\/wp-content\/uploads\/2025\/11\/20250411_142446-1536x2048.jpg 1536w, https:\/\/myrtilfavre.com\/wp-content\/uploads\/2025\/11\/20250411_142446-scaled.jpg 1920w\" sizes=\"auto, (max-width: 768px) 100vw, 768px\" \/><\/figure>\n<\/figure>\n\n\n\n<figure class=\"wp-block-video\"><\/figure>\n\n\n\n<p>Expositions de la Maison des arts &#8211; atelier enfants &#8211; Le village imaginaire &#8211; Avril 2025<\/p>\n","protected":false},"excerpt":{"rendered":"<p>Ateliers \u00e0 l&#8217; Espace Culturel des Bruy\u00e8res \u00e0 la Croix Valmer \ud83d\udc69\u200d\ud83c\udfa8Atelier enfants \ud83e\udd38\u200d\u2642\ufe0fCREATIVITE EN LIBERTE\ud83c\udfa8&nbsp;Atelier de cr\u00e9ativit\u00e9 et d&#8217;expression artistique pour apprendre en s&#8217;amusant, [&#8230;]<\/p>\n","protected":false},"author":1,"featured_media":0,"parent":0,"menu_order":0,"comment_status":"closed","ping_status":"closed","template":"","meta":{"om_disable_all_campaigns":false,"_monsterinsights_skip_tracking":false,"_monsterinsights_sitenote_active":false,"_monsterinsights_sitenote_note":"","_monsterinsights_sitenote_category":0,"footnotes":""},"class_list":["post-986","page","type-page","status-publish","hentry"],"_links":{"self":[{"href":"https:\/\/myrtilfavre.com\/index.php\/wp-json\/wp\/v2\/pages\/986","targetHints":{"allow":["GET"]}}],"collection":[{"href":"https:\/\/myrtilfavre.com\/index.php\/wp-json\/wp\/v2\/pages"}],"about":[{"href":"https:\/\/myrtilfavre.com\/index.php\/wp-json\/wp\/v2\/types\/page"}],"author":[{"embeddable":true,"href":"https:\/\/myrtilfavre.com\/index.php\/wp-json\/wp\/v2\/users\/1"}],"replies":[{"embeddable":true,"href":"https:\/\/myrtilfavre.com\/index.php\/wp-json\/wp\/v2\/comments?post=986"}],"version-history":[{"count":9,"href":"https:\/\/myrtilfavre.com\/index.php\/wp-json\/wp\/v2\/pages\/986\/revisions"}],"predecessor-version":[{"id":1033,"href":"https:\/\/myrtilfavre.com\/index.php\/wp-json\/wp\/v2\/pages\/986\/revisions\/1033"}],"wp:attachment":[{"href":"https:\/\/myrtilfavre.com\/index.php\/wp-json\/wp\/v2\/media?parent=986"}],"curies":[{"name":"wp","href":"https:\/\/api.w.org\/{rel}","templated":true}]}}